{"id":23,"date":"2024-04-26T19:38:35","date_gmt":"2024-04-26T19:38:35","guid":{"rendered":"https:\/\/dolphinrentalcar.com\/about-us\/"},"modified":"2025-04-26T00:32:33","modified_gmt":"2025-04-26T00:32:33","slug":"about-us","status":"publish","type":"page","link":"https:\/\/dolphinrentalcar.com\/es\/about-us\/","title":{"rendered":"Nosotros"},"content":{"rendered":"<div class=\"wp-block-image img-thumb\">\n<figure class=\"alignright size-medium\"><img loading=\"lazy\" decoding=\"async\" width=\"300\" height=\"192\" src=\"https:\/\/dolphinrentalcar.com\/wp-content\/uploads\/sites\/2\/2024\/04\/car-sun-300x192.jpg\" alt=\"\" class=\"wp-image-36\" srcset=\"https:\/\/dolphinrentalcar.com\/wp-content\/uploads\/sites\/2\/2024\/04\/car-sun-300x192.jpg 300w, https:\/\/dolphinrentalcar.com\/wp-content\/uploads\/sites\/2\/2024\/04\/car-sun-1024x654.jpg 1024w, https:\/\/dolphinrentalcar.com\/wp-content\/uploads\/sites\/2\/2024\/04\/car-sun-768x490.jpg 768w, https:\/\/dolphinrentalcar.com\/wp-content\/uploads\/sites\/2\/2024\/04\/car-sun-1536x981.jpg 1536w, https:\/\/dolphinrentalcar.com\/wp-content\/uploads\/sites\/2\/2024\/04\/car-sun.jpg 1986w\" sizes=\"auto, (max-width: 300px) 100vw, 300px\" \/><\/figure>\n<\/div>\n\n\n<h2 class=\"wp-block-heading text-border-left text-color-inherit\">Qu\u00e9 hacemos?<\/h2>\n\n\n\n<p>Bienvenido a Dolphin Rental Car, tu mejor opci\u00f3n para alquiler de veh\u00edculos en Roatan! Como empresa de propiedad y operaci\u00f3n local, estamos orgullosos de ofrecer soluciones de transporte personalizado y confiable a nuestros visitantes que exploran nuestra hermosa paradis\u00edaca isla.<\/p>\n\n\n\n<p>En Dolphin Rental Car, entendemos la importancia de la convivencia y flexibilidad a la hora de explorar Roatan. Ya sea que est\u00e9s aqu\u00ed por unas vacaciones tranquilas, por la aventura, o un viaje de negocios, nuestra meta es brindarte la mayor calidad en veh\u00edculos y un servicio excepcional que mejore  tu experiencia.<\/p>\n\n\n\n<p>Lo que nos diferencia es nuestro compromiso  de ofrecer una experiencia de alquiner perfecta y que se adapte a tus necesidades. Desde autos compactos para viajeros solitarios, hasta SUV espaciosas para familias, nuestra diversa flota garantiza que encuentres el veh\u00edculo perfecto para tu viaje. A dem\u00e1s, con tarifas competitivos y procesos de reserva sencillos, rentar un veh\u00edculo con Dolphin Rental Car es sencillo y asequible.<\/p>\n\n\n\n<blockquote class=\"wp-block-quote is-layout-flow wp-block-quote-is-layout-flow\">\n<p>Como locales, poseemos un profundo conocimiento de las carreteras, atracciones y joyas ocultas en Roat\u00e1n. Somos m\u00e1s que solamente una empresa de alquiler de carros; somos tus gu\u00edas de confianza para explorar los impresionantes paisajes de la Isla, su cultura vibrante, y aventuras sin fin. ya sea que necesites recomendaciones para paseos panor\u00e1micos, consejos sobre lugares de inter\u00e9s o ayuda con la planificaci\u00f3n de tu viaje, nuestro equipo est\u00e1 aqu\u00ed para ayudarte amablemente en cada paso.<\/p>\n<\/blockquote>","protected":false},"excerpt":{"rendered":"<p>What We Do Welcome to Dolphin Rental Car, your premier choice for car rental services in Roatan! As a locally owned and operated business, we take pride in offering personalized and reliable transportation solutions to visitors exploring our beautiful island paradise. At Dolphin Rental Car, we understand the importance of convenience and flexibility when it &hellip; <\/p>\n<p class=\"link-more\"><a href=\"https:\/\/dolphinrentalcar.com\/es\/about-us\/\" class=\"more-link\"><span class=\"screen-reader-text\"> prova \"About Us\"<\/span><\/a><\/p>","protected":false},"author":1,"featured_media":331,"parent":0,"menu_order":0,"comment_status":"closed","ping_status":"closed","template":"page-templates\/page-about.php","meta":{"footnotes":""},"class_list":["post-23","page","type-page","status-publish","has-post-thumbnail","hentry"],"_links":{"self":[{"href":"https:\/\/dolphinrentalcar.com\/es\/wp-json\/wp\/v2\/pages\/23","targetHints":{"allow":["GET"]}}],"collection":[{"href":"https:\/\/dolphinrentalcar.com\/es\/wp-json\/wp\/v2\/pages"}],"about":[{"href":"https:\/\/dolphinrentalcar.com\/es\/wp-json\/wp\/v2\/types\/page"}],"author":[{"embeddable":true,"href":"https:\/\/dolphinrentalcar.com\/es\/wp-json\/wp\/v2\/users\/1"}],"replies":[{"embeddable":true,"href":"https:\/\/dolphinrentalcar.com\/es\/wp-json\/wp\/v2\/comments?post=23"}],"version-history":[{"count":4,"href":"https:\/\/dolphinrentalcar.com\/es\/wp-json\/wp\/v2\/pages\/23\/revisions"}],"predecessor-version":[{"id":333,"href":"https:\/\/dolphinrentalcar.com\/es\/wp-json\/wp\/v2\/pages\/23\/revisions\/333"}],"wp:featuredmedia":[{"embeddable":true,"href":"https:\/\/dolphinrentalcar.com\/es\/wp-json\/wp\/v2\/media\/331"}],"wp:attachment":[{"href":"https:\/\/dolphinrentalcar.com\/es\/wp-json\/wp\/v2\/media?parent=23"}],"curies":[{"name":"wp","href":"https:\/\/api.w.org\/{rel}","templated":true}]}}