{"id":76,"date":"2024-04-26T23:36:37","date_gmt":"2024-04-26T23:36:37","guid":{"rendered":"https:\/\/dolphinrentalcar.com\/our-cars\/"},"modified":"2024-04-26T23:36:37","modified_gmt":"2024-04-26T23:36:37","slug":"our-cars","status":"publish","type":"page","link":"https:\/\/dolphinrentalcar.com\/es\/our-cars\/","title":{"rendered":"Nuestra flota"},"content":{"rendered":"<div class=\"wrap plugin-container\">\n\n\t\n\t\n\t<h3 class=\"vrc-main-title\">Dolphin Rental Car<\/h3><div class=\"vrc-search-results-block vrc-search-results-block-list\">\r\n\r\n\t<div class=\"car_result\">\r\n\t\t<div class=\"vrc-car-result-left\">\r\n\t\t\t\t\t<img decoding=\"async\" class=\"imgresult\" alt=\"Kia Picanto 2026\" src=\"https:\/\/dolphinrentalcar.com\/wp-content\/plugins\/vikrentcar\/admin\/resources\/kia_picanto_2025.jpg\"\/>\r\n\t\t\t\t\t<\/div>\r\n\t\t<div class=\"vrc-car-result-right\">\r\n\t\t\t<div class=\"vrc-car-result-rightinner\">\r\n\t\t\t\t<div class=\"vrc-car-result-rightinner-deep\">\r\n\t\t\t\t\t<div class=\"vrc-car-result-inner\">\r\n\t\t\t\t\t\t<h4 class=\"vrc-car-name\">\r\n\t\t\t\t\t\t\t<a href=\"https:\/\/dolphinrentalcar.com\/es\/our-cars\/?option=com_vikrentcar&amp;view=cardetails&amp;carid=8\">Kia Picanto 2026<\/a>\r\n\t\t\t\t\t\t<\/h4>\r\n\t\t\t\t\t\t\t\t\t\t\t<div class=\"vrc-car-category\">Econ\u00f3mico<\/div>\r\n\t\t\t\t\t\t\t\t\t\t\t\t<div class=\"vrc-car-result-description\">\r\n\t\t\t\t\t\tKia Picanto 2025 \u2013 Un hatchback compacto, elegante y eficiente, perfecto para moverte por Roat\u00e1n con facilidad. Dise\u00f1ado para quienes valoran la practicidad, la comodidad y la seguridad.\t\t\t\t\t\t<\/div>\r\n\t\t\t\t\t\t\t\t\t\t\t\t\t<div class=\"vrc-car-characteristics\">\r\n\t\t\t\t\t\t\t\t<div class=\"vrccaratsdiv\"><div class=\"vrccarcarat\"><span class=\"vrc-carat-cont\"><span class=\"vrc-expl\" data-vrc-expl=\"A\/C\"><i class=\"fas fa-snowflake\"><\/i><\/span><\/span>\n<\/div><div class=\"vrccarcarat\"><span class=\"vrc-carat-cont\"><span class=\"vrc-expl\" data-vrc-expl=\"2x Luggage\"><i class=\"fas fa-suitcase\"><\/i><\/span><\/span>\n<\/div><\/div>\n\t\t\t\t\t\t\t<\/div>\r\n\t\t\t\t\t\t\t\t\t\t\t\t<\/div>\r\n\t\t\t\t\t<div class=\"vrc-car-lastblock\">\r\n\t\t\t\t\t\t<div class=\"vrc-car-price\">\r\n\t\t\t\t\t\t\t<div class=\"vrcsrowpricediv\">\r\n\t\t\t\t\t\t\t\t\t\t\t\t\t\t\t<span class=\"vrcstartfrom\">A partir de<\/span>\r\n\t\t\t\t\t\t\t\t<span class=\"car_cost\"><span class=\"vrc_currency\">$<\/span> <span class=\"vrc_price\">29.00<\/span><\/span>\r\n\t\t\t\t\t\t\t\t\t\t\t\t\t\t<\/div>\r\n\t\t\t\t\t\t<\/div>\r\n\t\t\t\t\t\t<div class=\"vrc-car-bookingbtn\">\r\n\t\t\t\t\t\t\t<span class=\"vrclistgoon\"><a class=\"btn vrc-pref-color-btn\" href=\"https:\/\/dolphinrentalcar.com\/es\/our-cars\/?option=com_vikrentcar&amp;view=cardetails&amp;carid=8\">Ver detalles<\/a><\/span>\r\n\t\t\t\t\t\t<\/div>\r\n\t\t\t\t\t<\/div>\r\n\t\t\t\t<\/div>\r\n\t\t\t<\/div>\r\n\t\t<\/div>\r\n\t<\/div>\r\n\t\t<div class=\"car_result\">\r\n\t\t<div class=\"vrc-car-result-left\">\r\n\t\t\t\t\t<img decoding=\"async\" class=\"imgresult\" alt=\"Kia Soluto 2025\" src=\"https:\/\/dolphinrentalcar.com\/wp-content\/plugins\/vikrentcar\/admin\/resources\/vthumb_kia-soluto-900x660-1.png\"\/>\r\n\t\t\t\t\t<\/div>\r\n\t\t<div class=\"vrc-car-result-right\">\r\n\t\t\t<div class=\"vrc-car-result-rightinner\">\r\n\t\t\t\t<div class=\"vrc-car-result-rightinner-deep\">\r\n\t\t\t\t\t<div class=\"vrc-car-result-inner\">\r\n\t\t\t\t\t\t<h4 class=\"vrc-car-name\">\r\n\t\t\t\t\t\t\t<a href=\"https:\/\/dolphinrentalcar.com\/es\/our-cars\/?option=com_vikrentcar&amp;view=cardetails&amp;carid=4\">Kia Soluto 2025<\/a>\r\n\t\t\t\t\t\t<\/h4>\r\n\t\t\t\t\t\t\t\t\t\t\t<div class=\"vrc-car-category\">Sed\u00e1n Est\u00e1ndar (Turismo)<\/div>\r\n\t\t\t\t\t\t\t\t\t\t\t\t<div class=\"vrc-car-result-description\">\r\n\t\t\t\t\t\tKia Soluto 2025 \u2013 Comodidad, eficiencia y estilo en un sed\u00e1n compacto dise\u00f1ado para tus aventuras en Roat\u00e1n. Perfecto para familias peque\u00f1as o parejas que buscan explorar con facilidad y confianza.\t\t\t\t\t\t<\/div>\r\n\t\t\t\t\t\t\t\t\t\t\t\t\t<div class=\"vrc-car-characteristics\">\r\n\t\t\t\t\t\t\t\t<div class=\"vrccaratsdiv\"><div class=\"vrccarcarat\"><span class=\"vrc-carat-cont\"><span class=\"vrc-expl\" data-vrc-expl=\"A\/C\"><i class=\"fas fa-snowflake\"><\/i><\/span><\/span>\n<\/div><div class=\"vrccarcarat\"><span class=\"vrc-carat-cont\"><span class=\"vrc-expl\" data-vrc-expl=\"Pasajeros Extras\"><i class=\"fas fa-user\"><\/i><\/span><\/span>\n<\/div><div class=\"vrccarcarat\"><span class=\"vrc-carat-cont\"><span class=\"vrc-expl\" data-vrc-expl=\"3x Luggage\"><i class=\"fas fa-suitcase\"><\/i><\/span><\/span>\n<\/div><\/div>\n\t\t\t\t\t\t\t<\/div>\r\n\t\t\t\t\t\t\t\t\t\t\t\t<\/div>\r\n\t\t\t\t\t<div class=\"vrc-car-lastblock\">\r\n\t\t\t\t\t\t<div class=\"vrc-car-price\">\r\n\t\t\t\t\t\t\t<div class=\"vrcsrowpricediv\">\r\n\t\t\t\t\t\t\t\t\t\t\t\t\t\t\t<span class=\"vrcstartfrom\">A partir de<\/span>\r\n\t\t\t\t\t\t\t\t<span class=\"car_cost\"><span class=\"vrc_currency\">$<\/span> <span class=\"vrc_price\">29.25<\/span><\/span>\r\n\t\t\t\t\t\t\t\t\t\t\t\t\t\t<\/div>\r\n\t\t\t\t\t\t<\/div>\r\n\t\t\t\t\t\t<div class=\"vrc-car-bookingbtn\">\r\n\t\t\t\t\t\t\t<span class=\"vrclistgoon\"><a class=\"btn vrc-pref-color-btn\" href=\"https:\/\/dolphinrentalcar.com\/es\/our-cars\/?option=com_vikrentcar&amp;view=cardetails&amp;carid=4\">Ver detalles<\/a><\/span>\r\n\t\t\t\t\t\t<\/div>\r\n\t\t\t\t\t<\/div>\r\n\t\t\t\t<\/div>\r\n\t\t\t<\/div>\r\n\t\t<\/div>\r\n\t<\/div>\r\n\t\t<div class=\"car_result\">\r\n\t\t<div class=\"vrc-car-result-left\">\r\n\t\t\t\t\t<img decoding=\"async\" class=\"imgresult\" alt=\"Nissan Kicks 2025\" src=\"https:\/\/dolphinrentalcar.com\/wp-content\/plugins\/vikrentcar\/admin\/resources\/vthumb_nissan_kicks_2025_v3.png\"\/>\r\n\t\t\t\t\t<\/div>\r\n\t\t<div class=\"vrc-car-result-right\">\r\n\t\t\t<div class=\"vrc-car-result-rightinner\">\r\n\t\t\t\t<div class=\"vrc-car-result-rightinner-deep\">\r\n\t\t\t\t\t<div class=\"vrc-car-result-inner\">\r\n\t\t\t\t\t\t<h4 class=\"vrc-car-name\">\r\n\t\t\t\t\t\t\t<a href=\"https:\/\/dolphinrentalcar.com\/es\/our-cars\/?option=com_vikrentcar&amp;view=cardetails&amp;carid=3\">Nissan Kicks 2025<\/a>\r\n\t\t\t\t\t\t<\/h4>\r\n\t\t\t\t\t\t\t\t\t\t\t<div class=\"vrc-car-category\">SUV Compacta<\/div>\r\n\t\t\t\t\t\t\t\t\t\t\t\t<div class=\"vrc-car-result-description\">\r\n\t\t\t\t\t\tNissan Kicks 2025 \u2013 Un SUV vers\u00e1til y con estilo, dise\u00f1ado para tus aventuras en Roat\u00e1n. Perfecto para quienes buscan comodidad, espacio y un toque de aventura.\t\t\t\t\t\t<\/div>\r\n\t\t\t\t\t\t\t\t\t\t\t\t\t<div class=\"vrc-car-characteristics\">\r\n\t\t\t\t\t\t\t\t<div class=\"vrccaratsdiv\"><div class=\"vrccarcarat\"><span class=\"vrc-carat-cont\"><span class=\"vrc-expl\" data-vrc-expl=\"A\/C\"><i class=\"fas fa-snowflake\"><\/i><\/span><\/span>\n<\/div><div class=\"vrccarcarat\"><span class=\"vrc-carat-cont\"><span class=\"vrc-expl\" data-vrc-expl=\"Pasajeros Extras\"><i class=\"fas fa-user\"><\/i><\/span><\/span>\n<\/div><div class=\"vrccarcarat\"><span class=\"vrc-carat-cont\"><span class=\"vrc-expl\" data-vrc-expl=\"3x Luggage\"><i class=\"fas fa-suitcase\"><\/i><\/span><\/span>\n<\/div><\/div>\n\t\t\t\t\t\t\t<\/div>\r\n\t\t\t\t\t\t\t\t\t\t\t\t<\/div>\r\n\t\t\t\t\t<div class=\"vrc-car-lastblock\">\r\n\t\t\t\t\t\t<div class=\"vrc-car-price\">\r\n\t\t\t\t\t\t\t<div class=\"vrcsrowpricediv\">\r\n\t\t\t\t\t\t\t\t\t\t\t\t\t\t\t<span class=\"vrcstartfrom\">A partir de<\/span>\r\n\t\t\t\t\t\t\t\t<span class=\"car_cost\"><span class=\"vrc_currency\">$<\/span> <span class=\"vrc_price\">37.50<\/span><\/span>\r\n\t\t\t\t\t\t\t\t\t\t\t\t\t\t<\/div>\r\n\t\t\t\t\t\t<\/div>\r\n\t\t\t\t\t\t<div class=\"vrc-car-bookingbtn\">\r\n\t\t\t\t\t\t\t<span class=\"vrclistgoon\"><a class=\"btn vrc-pref-color-btn\" href=\"https:\/\/dolphinrentalcar.com\/es\/our-cars\/?option=com_vikrentcar&amp;view=cardetails&amp;carid=3\">Ver detalles<\/a><\/span>\r\n\t\t\t\t\t\t<\/div>\r\n\t\t\t\t\t<\/div>\r\n\t\t\t\t<\/div>\r\n\t\t\t<\/div>\r\n\t\t<\/div>\r\n\t<\/div>\r\n\t\t<div class=\"car_result\">\r\n\t\t<div class=\"vrc-car-result-left\">\r\n\t\t\t\t\t<img decoding=\"async\" class=\"imgresult\" alt=\"Kia Sonet 2025\" src=\"https:\/\/dolphinrentalcar.com\/wp-content\/plugins\/vikrentcar\/admin\/resources\/kia_sonet_2025.png\"\/>\r\n\t\t\t\t\t<\/div>\r\n\t\t<div class=\"vrc-car-result-right\">\r\n\t\t\t<div class=\"vrc-car-result-rightinner\">\r\n\t\t\t\t<div class=\"vrc-car-result-rightinner-deep\">\r\n\t\t\t\t\t<div class=\"vrc-car-result-inner\">\r\n\t\t\t\t\t\t<h4 class=\"vrc-car-name\">\r\n\t\t\t\t\t\t\t<a href=\"https:\/\/dolphinrentalcar.com\/es\/our-cars\/?option=com_vikrentcar&amp;view=cardetails&amp;carid=9\">Kia Sonet 2025<\/a>\r\n\t\t\t\t\t\t<\/h4>\r\n\t\t\t\t\t\t\t\t\t\t\t<div class=\"vrc-car-category\">SUV Compacta<\/div>\r\n\t\t\t\t\t\t\t\t\t\t\t\t<div class=\"vrc-car-result-description\">\r\n\t\t\t\t\t\tKia Sonet 2025 \u2013 A compact, stylish, and surprisingly spacious SUV designed for effortless driving in Roat\u00e1n. Ideal for travelers who want comfort, agility, and modern features in a sleek package.\t\t\t\t\t\t<\/div>\r\n\t\t\t\t\t\t\t\t\t\t\t\t\t<div class=\"vrc-car-characteristics\">\r\n\t\t\t\t\t\t\t\t<div class=\"vrccaratsdiv\"><div class=\"vrccarcarat\"><span class=\"vrc-carat-cont\"><span class=\"vrc-expl\" data-vrc-expl=\"A\/C\"><i class=\"fas fa-snowflake\"><\/i><\/span><\/span>\n<\/div><div class=\"vrccarcarat\"><span class=\"vrc-carat-cont\"><span class=\"vrc-expl\" data-vrc-expl=\"Pasajeros Extras\"><i class=\"fas fa-user\"><\/i><\/span><\/span>\n<\/div><div class=\"vrccarcarat\"><span class=\"vrc-carat-cont\"><span class=\"vrc-expl\" data-vrc-expl=\"3x Luggage\"><i class=\"fas fa-suitcase\"><\/i><\/span><\/span>\n<\/div><\/div>\n\t\t\t\t\t\t\t<\/div>\r\n\t\t\t\t\t\t\t\t\t\t\t\t<\/div>\r\n\t\t\t\t\t<div class=\"vrc-car-lastblock\">\r\n\t\t\t\t\t\t<div class=\"vrc-car-price\">\r\n\t\t\t\t\t\t\t<div class=\"vrcsrowpricediv\">\r\n\t\t\t\t\t\t\t\t\t\t\t\t\t\t\t<span class=\"vrcstartfrom\">A partir de<\/span>\r\n\t\t\t\t\t\t\t\t<span class=\"car_cost\"><span class=\"vrc_currency\">$<\/span> <span class=\"vrc_price\">50.00<\/span><\/span>\r\n\t\t\t\t\t\t\t\t\t\t\t\t\t\t<\/div>\r\n\t\t\t\t\t\t<\/div>\r\n\t\t\t\t\t\t<div class=\"vrc-car-bookingbtn\">\r\n\t\t\t\t\t\t\t<span class=\"vrclistgoon\"><a class=\"btn vrc-pref-color-btn\" href=\"https:\/\/dolphinrentalcar.com\/es\/our-cars\/?option=com_vikrentcar&amp;view=cardetails&amp;carid=9\">Ver detalles<\/a><\/span>\r\n\t\t\t\t\t\t<\/div>\r\n\t\t\t\t\t<\/div>\r\n\t\t\t\t<\/div>\r\n\t\t\t<\/div>\r\n\t\t<\/div>\r\n\t<\/div>\r\n\t\t<div class=\"car_result\">\r\n\t\t<div class=\"vrc-car-result-left\">\r\n\t\t\t\t\t<img decoding=\"async\" class=\"imgresult\" alt=\"Nissan Frontier 2025\" src=\"https:\/\/dolphinrentalcar.com\/wp-content\/plugins\/vikrentcar\/admin\/resources\/vthumb_nissan_frontier_2025_gray.jpg\"\/>\r\n\t\t\t\t\t<\/div>\r\n\t\t<div class=\"vrc-car-result-right\">\r\n\t\t\t<div class=\"vrc-car-result-rightinner\">\r\n\t\t\t\t<div class=\"vrc-car-result-rightinner-deep\">\r\n\t\t\t\t\t<div class=\"vrc-car-result-inner\">\r\n\t\t\t\t\t\t<h4 class=\"vrc-car-name\">\r\n\t\t\t\t\t\t\t<a href=\"https:\/\/dolphinrentalcar.com\/es\/our-cars\/?option=com_vikrentcar&amp;view=cardetails&amp;carid=5\">Nissan Frontier 2025<\/a>\r\n\t\t\t\t\t\t<\/h4>\r\n\t\t\t\t\t\t\t\t\t\t\t<div class=\"vrc-car-category\">Pickup Mediana<\/div>\r\n\t\t\t\t\t\t\t\t\t\t\t\t<div class=\"vrc-car-result-description\">\r\n\t\t\t\t\t\tNissan Frontier 2025 \u2013 Una pickup potente y robusta, lista para la aventura o el trabajo. Con motor turbo di\u00e9sel 2.5L, es ideal para recorrer los terrenos variados de Roat\u00e1n o cumplir con tareas pesadas sin esfuerzo.\t\t\t\t\t\t<\/div>\r\n\t\t\t\t\t\t\t\t\t\t\t\t\t<div class=\"vrc-car-characteristics\">\r\n\t\t\t\t\t\t\t\t<div class=\"vrccaratsdiv\"><div class=\"vrccarcarat\"><span class=\"vrc-carat-cont\"><span class=\"vrc-expl\" data-vrc-expl=\"A\/C\"><i class=\"fas fa-snowflake\"><\/i><\/span><\/span>\n<\/div><div class=\"vrccarcarat\"><span class=\"vrc-carat-cont\"><span class=\"vrc-expl\" data-vrc-expl=\"Pasajeros Extras\"><i class=\"fas fa-user\"><\/i><\/span><\/span>\n<\/div><div class=\"vrccarcarat\"><span class=\"vrc-carat-cont\"><span class=\"vrc-expl\" data-vrc-expl=\"3x Luggage\"><i class=\"fas fa-suitcase\"><\/i><\/span><\/span>\n<\/div><\/div>\n\t\t\t\t\t\t\t<\/div>\r\n\t\t\t\t\t\t\t\t\t\t\t\t<\/div>\r\n\t\t\t\t\t<div class=\"vrc-car-lastblock\">\r\n\t\t\t\t\t\t<div class=\"vrc-car-price\">\r\n\t\t\t\t\t\t\t<div class=\"vrcsrowpricediv\">\r\n\t\t\t\t\t\t\t\t\t\t\t\t\t\t\t<span class=\"vrcstartfrom\">A partir de<\/span>\r\n\t\t\t\t\t\t\t\t<span class=\"car_cost\"><span class=\"vrc_currency\">$<\/span> <span class=\"vrc_price\">45.00<\/span><\/span>\r\n\t\t\t\t\t\t\t\t\t\t\t\t\t\t<\/div>\r\n\t\t\t\t\t\t<\/div>\r\n\t\t\t\t\t\t<div class=\"vrc-car-bookingbtn\">\r\n\t\t\t\t\t\t\t<span class=\"vrclistgoon\"><a class=\"btn vrc-pref-color-btn\" href=\"https:\/\/dolphinrentalcar.com\/es\/our-cars\/?option=com_vikrentcar&amp;view=cardetails&amp;carid=5\">Ver detalles<\/a><\/span>\r\n\t\t\t\t\t\t<\/div>\r\n\t\t\t\t\t<\/div>\r\n\t\t\t\t<\/div>\r\n\t\t\t<\/div>\r\n\t\t<\/div>\r\n\t<\/div>\r\n\t\t<div class=\"car_result\">\r\n\t\t<div class=\"vrc-car-result-left\">\r\n\t\t\t\t\t<img decoding=\"async\" class=\"imgresult\" alt=\"Toyota Prado 2017\" src=\"https:\/\/dolphinrentalcar.com\/wp-content\/plugins\/vikrentcar\/admin\/resources\/vthumb_toyota_prado_2017_v3.png\"\/>\r\n\t\t\t\t\t<\/div>\r\n\t\t<div class=\"vrc-car-result-right\">\r\n\t\t\t<div class=\"vrc-car-result-rightinner\">\r\n\t\t\t\t<div class=\"vrc-car-result-rightinner-deep\">\r\n\t\t\t\t\t<div class=\"vrc-car-result-inner\">\r\n\t\t\t\t\t\t<h4 class=\"vrc-car-name\">\r\n\t\t\t\t\t\t\t<a href=\"https:\/\/dolphinrentalcar.com\/es\/our-cars\/?option=com_vikrentcar&amp;view=cardetails&amp;carid=6\">Toyota Prado 2017<\/a>\r\n\t\t\t\t\t\t<\/h4>\r\n\t\t\t\t\t\t\t\t\t\t\t<div class=\"vrc-car-category\">SUV Mediana<\/div>\r\n\t\t\t\t\t\t\t\t\t\t\t\t<div class=\"vrc-car-result-description\">\r\n\t\t\t\t\t\tToyota Prado 2017 \u2013 SUV premium con tracci\u00f3n 4x4, motor potente y espacio para 7 personas. Ideal para aventuras fuera de ruta o para moverse por la ciudad con total comodidad y seguridad.\t\t\t\t\t\t<\/div>\r\n\t\t\t\t\t\t\t\t\t\t\t\t\t<div class=\"vrc-car-characteristics\">\r\n\t\t\t\t\t\t\t\t<div class=\"vrccaratsdiv\"><div class=\"vrccarcarat\"><span class=\"vrc-carat-cont\"><span class=\"vrc-expl\" data-vrc-expl=\"A\/C\"><i class=\"fas fa-snowflake\"><\/i><\/span><\/span>\n<\/div><div class=\"vrccarcarat\"><span class=\"vrc-carat-cont\"><span class=\"vrc-expl\" data-vrc-expl=\"Pasajeros Extras\"><i class=\"fas fa-user\"><\/i><\/span><\/span>\n<\/div><div class=\"vrccarcarat\"><span class=\"vrc-carat-cont\"><span class=\"vrc-expl\" data-vrc-expl=\"3x Luggage\"><i class=\"fas fa-suitcase\"><\/i><\/span><\/span>\n<\/div><\/div>\n\t\t\t\t\t\t\t<\/div>\r\n\t\t\t\t\t\t\t\t\t\t\t\t<\/div>\r\n\t\t\t\t\t<div class=\"vrc-car-lastblock\">\r\n\t\t\t\t\t\t<div class=\"vrc-car-price\">\r\n\t\t\t\t\t\t\t<div class=\"vrcsrowpricediv\">\r\n\t\t\t\t\t\t\t\t\t\t\t\t\t\t\t<span class=\"vrcstartfrom\">A partir de<\/span>\r\n\t\t\t\t\t\t\t\t<span class=\"car_cost\"><span class=\"vrc_currency\">$<\/span> <span class=\"vrc_price\">80.00<\/span><\/span>\r\n\t\t\t\t\t\t\t\t\t\t\t\t\t\t<\/div>\r\n\t\t\t\t\t\t<\/div>\r\n\t\t\t\t\t\t<div class=\"vrc-car-bookingbtn\">\r\n\t\t\t\t\t\t\t<span class=\"vrclistgoon\"><a class=\"btn vrc-pref-color-btn\" href=\"https:\/\/dolphinrentalcar.com\/es\/our-cars\/?option=com_vikrentcar&amp;view=cardetails&amp;carid=6\">Ver detalles<\/a><\/span>\r\n\t\t\t\t\t\t<\/div>\r\n\t\t\t\t\t<\/div>\r\n\t\t\t\t<\/div>\r\n\t\t\t<\/div>\r\n\t\t<\/div>\r\n\t<\/div>\r\n\t\t<div class=\"car_result\">\r\n\t\t<div class=\"vrc-car-result-left\">\r\n\t\t\t\t\t<img decoding=\"async\" class=\"imgresult\" alt=\"Nissan Pathfinder 2024\" src=\"https:\/\/dolphinrentalcar.com\/wp-content\/plugins\/vikrentcar\/admin\/resources\/vthumb_nissan_pathfinder_2024.png\"\/>\r\n\t\t\t\t\t<\/div>\r\n\t\t<div class=\"vrc-car-result-right\">\r\n\t\t\t<div class=\"vrc-car-result-rightinner\">\r\n\t\t\t\t<div class=\"vrc-car-result-rightinner-deep\">\r\n\t\t\t\t\t<div class=\"vrc-car-result-inner\">\r\n\t\t\t\t\t\t<h4 class=\"vrc-car-name\">\r\n\t\t\t\t\t\t\t<a href=\"https:\/\/dolphinrentalcar.com\/es\/our-cars\/?option=com_vikrentcar&amp;view=cardetails&amp;carid=7\">Nissan Pathfinder 2024<\/a>\r\n\t\t\t\t\t\t<\/h4>\r\n\t\t\t\t\t\t\t\t\t\t\t<div class=\"vrc-car-category\">SUV Mediana<\/div>\r\n\t\t\t\t\t\t\t\t\t\t\t\t<div class=\"vrc-car-result-description\">\r\n\t\t\t\t\t\tEspacioso, potente y perfecto para explorar Roat\u00e1n. El Pathfinder 2024 ofrece comodidad para 7 pasajeros, un fuerte motor V6 y tracci\u00f3n 4x4: ideal para aventuras en la isla con familia o amigos.\t\t\t\t\t\t<\/div>\r\n\t\t\t\t\t\t\t\t\t\t\t\t\t<div class=\"vrc-car-characteristics\">\r\n\t\t\t\t\t\t\t\t<div class=\"vrccaratsdiv\"><div class=\"vrccarcarat\"><span class=\"vrc-carat-cont\"><span class=\"vrc-expl\" data-vrc-expl=\"A\/C\"><i class=\"fas fa-snowflake\"><\/i><\/span><\/span>\n<\/div><div class=\"vrccarcarat\"><span class=\"vrc-carat-cont\"><span class=\"vrc-expl\" data-vrc-expl=\"Pasajeros Extras\"><i class=\"fas fa-user\"><\/i><\/span><\/span>\n<\/div><div class=\"vrccarcarat\"><span class=\"vrc-carat-cont\"><span class=\"vrc-expl\" data-vrc-expl=\"3x Luggage\"><i class=\"fas fa-suitcase\"><\/i><\/span><\/span>\n<\/div><\/div>\n\t\t\t\t\t\t\t<\/div>\r\n\t\t\t\t\t\t\t\t\t\t\t\t<\/div>\r\n\t\t\t\t\t<div class=\"vrc-car-lastblock\">\r\n\t\t\t\t\t\t<div class=\"vrc-car-price\">\r\n\t\t\t\t\t\t\t<div class=\"vrcsrowpricediv\">\r\n\t\t\t\t\t\t\t\t\t\t\t\t\t\t\t<span class=\"vrcstartfrom\">A partir de<\/span>\r\n\t\t\t\t\t\t\t\t<span class=\"car_cost\"><span class=\"vrc_currency\">$<\/span> <span class=\"vrc_price\">89.00<\/span><\/span>\r\n\t\t\t\t\t\t\t\t\t\t\t\t\t\t<\/div>\r\n\t\t\t\t\t\t<\/div>\r\n\t\t\t\t\t\t<div class=\"vrc-car-bookingbtn\">\r\n\t\t\t\t\t\t\t<span class=\"vrclistgoon\"><a class=\"btn vrc-pref-color-btn\" href=\"https:\/\/dolphinrentalcar.com\/es\/our-cars\/?option=com_vikrentcar&amp;view=cardetails&amp;carid=7\">Ver detalles<\/a><\/span>\r\n\t\t\t\t\t\t<\/div>\r\n\t\t\t\t\t<\/div>\r\n\t\t\t\t<\/div>\r\n\t\t\t<\/div>\r\n\t\t<\/div>\r\n\t<\/div>\r\n\t\t<div class=\"car_result\">\r\n\t\t<div class=\"vrc-car-result-left\">\r\n\t\t\t\t\t<img decoding=\"async\" class=\"imgresult\" alt=\"Hyundai Staria 2026\" src=\"https:\/\/dolphinrentalcar.com\/wp-content\/plugins\/vikrentcar\/admin\/resources\/5hyundai_staria_2026.jpeg\"\/>\r\n\t\t\t\t\t<\/div>\r\n\t\t<div class=\"vrc-car-result-right\">\r\n\t\t\t<div class=\"vrc-car-result-rightinner\">\r\n\t\t\t\t<div class=\"vrc-car-result-rightinner-deep\">\r\n\t\t\t\t\t<div class=\"vrc-car-result-inner\">\r\n\t\t\t\t\t\t<h4 class=\"vrc-car-name\">\r\n\t\t\t\t\t\t\t<a href=\"https:\/\/dolphinrentalcar.com\/es\/our-cars\/?option=com_vikrentcar&amp;view=cardetails&amp;carid=10\">Hyundai Staria 2026<\/a>\r\n\t\t\t\t\t\t<\/h4>\r\n\t\t\t\t\t\t\t\t\t\t\t<div class=\"vrc-car-category\">Minivan<\/div>\r\n\t\t\t\t\t\t\t\t\t\t\t\t<div class=\"vrc-car-result-description\">\r\n\t\t\t\t\t\tHyundai Staria \u2013 Una minivan amplia y moderna, ideal para viajes en grupo en Roat\u00e1n. Perfecta para familias y grupos grandes que buscan comodidad, espacio y un manejo suave en la isla.\t\t\t\t\t\t<\/div>\r\n\t\t\t\t\t\t\t\t\t\t\t\t\t<div class=\"vrc-car-characteristics\">\r\n\t\t\t\t\t\t\t\t<div class=\"vrccaratsdiv\"><div class=\"vrccarcarat\"><span class=\"vrc-carat-cont\"><span class=\"vrc-expl\" data-vrc-expl=\"A\/C\"><i class=\"fas fa-snowflake\"><\/i><\/span><\/span>\n<\/div><div class=\"vrccarcarat\"><span class=\"vrc-carat-cont\"><span class=\"vrc-expl\" data-vrc-expl=\"Pasajeros Extras\"><i class=\"fas fa-user\"><\/i><\/span><\/span>\n<\/div><\/div>\n\t\t\t\t\t\t\t<\/div>\r\n\t\t\t\t\t\t\t\t\t\t\t\t<\/div>\r\n\t\t\t\t\t<div class=\"vrc-car-lastblock\">\r\n\t\t\t\t\t\t<div class=\"vrc-car-price\">\r\n\t\t\t\t\t\t\t<div class=\"vrcsrowpricediv\">\r\n\t\t\t\t\t\t\t\t\t\t\t\t\t\t\t<span class=\"vrcstartfrom\">A partir de<\/span>\r\n\t\t\t\t\t\t\t\t<span class=\"car_cost\"><span class=\"vrc_currency\">$<\/span> <span class=\"vrc_price\">100.00<\/span><\/span>\r\n\t\t\t\t\t\t\t\t\t\t\t\t\t\t<\/div>\r\n\t\t\t\t\t\t<\/div>\r\n\t\t\t\t\t\t<div class=\"vrc-car-bookingbtn\">\r\n\t\t\t\t\t\t\t<span class=\"vrclistgoon\"><a class=\"btn vrc-pref-color-btn\" href=\"https:\/\/dolphinrentalcar.com\/es\/our-cars\/?option=com_vikrentcar&amp;view=cardetails&amp;carid=10\">Ver detalles<\/a><\/span>\r\n\t\t\t\t\t\t<\/div>\r\n\t\t\t\t\t<\/div>\r\n\t\t\t\t<\/div>\r\n\t\t\t<\/div>\r\n\t\t<\/div>\r\n\t<\/div>\r\n\t<\/div>\r\n\r\n<script type=\"text\/javascript\">\r\njQuery(function() {\r\n\tif (jQuery('.car_result').length) {\r\n\t\tjQuery('.car_result').each(function() {\r\n\t\t\tvar car_img = jQuery(this).find('.vrc-car-result-left').find('img');\r\n\t\t\tif (car_img.length) {\r\n\t\t\t\tjQuery(this).find('.vrc-car-result-right').find('.vrc-car-result-rightinner').find('.vrc-car-result-rightinner-deep').find('.vrc-car-result-inner').css('min-height', car_img.height()+'px');\r\n\t\t\t}\r\n\t\t});\r\n\t};\r\n});\r\n<\/script>\r\n\n<\/div>","protected":false},"excerpt":{"rendered":"","protected":false},"author":1,"featured_media":0,"parent":0,"menu_order":0,"comment_status":"closed","ping_status":"closed","template":"","meta":{"footnotes":""},"class_list":["post-76","page","type-page","status-publish","hentry"],"_links":{"self":[{"href":"https:\/\/dolphinrentalcar.com\/es\/wp-json\/wp\/v2\/pages\/76","targetHints":{"allow":["GET"]}}],"collection":[{"href":"https:\/\/dolphinrentalcar.com\/es\/wp-json\/wp\/v2\/pages"}],"about":[{"href":"https:\/\/dolphinrentalcar.com\/es\/wp-json\/wp\/v2\/types\/page"}],"author":[{"embeddable":true,"href":"https:\/\/dolphinrentalcar.com\/es\/wp-json\/wp\/v2\/users\/1"}],"replies":[{"embeddable":true,"href":"https:\/\/dolphinrentalcar.com\/es\/wp-json\/wp\/v2\/comments?post=76"}],"version-history":[{"count":0,"href":"https:\/\/dolphinrentalcar.com\/es\/wp-json\/wp\/v2\/pages\/76\/revisions"}],"wp:attachment":[{"href":"https:\/\/dolphinrentalcar.com\/es\/wp-json\/wp\/v2\/media?parent=76"}],"curies":[{"name":"wp","href":"https:\/\/api.w.org\/{rel}","templated":true}]}}